{"id":7,"date":"2023-04-07T08:46:30","date_gmt":"2023-04-07T12:46:30","guid":{"rendered":"https:\/\/demosites.royal-elementor-addons.com\/digitalagency-v3\/?page_id=7"},"modified":"2024-01-25T15:18:46","modified_gmt":"2024-01-25T20:18:46","slug":"home-digitalagency-v3","status":"publish","type":"page","link":"https:\/\/comet-aim-cimus.association.usherbrooke.ca\/","title":{"rendered":"Home"},"content":{"rendered":"\t\t<div data-elementor-type=\"wp-page\" data-elementor-id=\"7\" class=\"elementor elementor-7\">\n\t\t\t\t\t\t<section class=\"elementor-section elementor-top-section elementor-element elementor-element-09f0edb elementor-section-height-min-height elementor-section-boxed elementor-section-height-default elementor-section-items-middle wpr-sticky-section-no\" data-id=\"09f0edb\" data-element_type=\"section\" data-settings=\"{&quot;background_background&quot;:&quot;classic&quot;}\">\n\t\t\t\t\t\t<div class=\"elementor-container elementor-column-gap-default\">\n\t\t\t\t\t<div class=\"elementor-column elementor-col-50 elementor-top-column elementor-element elementor-element-3b3549b\" data-id=\"3b3549b\" data-element_type=\"column\">\n\t\t\t<div class=\"elementor-widget-wrap elementor-element-populated\">\n\t\t\t\t\t\t<div class=\"elementor-element elementor-element-68b767d wpr-advanced-text-style-animated wpr-fancy-text-typing wpr-animated-text-infinite-yes elementor-invisible elementor-widget elementor-widget-wpr-advanced-text\" data-id=\"68b767d\" data-element_type=\"widget\" data-settings=\"{&quot;_animation&quot;:&quot;slideInRight&quot;,&quot;_animation_delay&quot;:100,&quot;anim_loop&quot;:&quot;yes&quot;}\" data-widget_type=\"wpr-advanced-text.default\">\n\t\t\t\t<div class=\"elementor-widget-container\">\n\t\t\t\t\t\n\t\t<h3 class=\"wpr-advanced-text\">\n\n\t\t\t\t\t\n\t\t\t\t\t\t\t<span class=\"wpr-advanced-text-preffix\">Comit\u00e9 \u00e9tudiant<br><\/span>\n\t\t\t\n\t\t<span class=\"wpr-anim-text wpr-anim-text-type-typing wpr-anim-text-letters\" data-anim-duration=\"200,2000\" data-anim-loop=\"yes\">\n\t\t\t<span class=\"wpr-anim-text-inner\">\n\t\t\t\t\t\t\t\t\t<b>AIM-CIMUS<\/b>\n\t\t\t\t\t\t\t<\/span>\n\t\t\t<span class=\"wpr-anim-text-cursor\">|<\/span>\t\t<\/span>\n\n\t\t\t\t\n\t\t<\/h3>\n\t\t\n\t\t\t\t\t\t<\/div>\n\t\t\t\t<\/div>\n\t\t\t\t<div class=\"elementor-element elementor-element-3623ffe elementor-invisible elementor-widget elementor-widget-text-editor\" data-id=\"3623ffe\" data-element_type=\"widget\" data-settings=\"{&quot;_animation&quot;:&quot;slideInRight&quot;,&quot;_animation_delay&quot;:200}\" data-widget_type=\"text-editor.default\">\n\t\t\t\t<div class=\"elementor-widget-container\">\n\t\t\t\t\t\t\t\t\t<p>Comit\u00e9 de repr\u00e9sentation, de support et de promotion de la recherche des \u00e9tudiant.e.s de l&rsquo;Axe d&rsquo;Imagerie M\u00e9dicale et du Centre d&rsquo;Imagerie M\u00e9dicale de l&rsquo;Universit\u00e9 de Sherbrooke<\/p>\t\t\t\t\t\t\t\t<\/div>\n\t\t\t\t<\/div>\n\t\t\t\t\t<\/div>\n\t\t<\/div>\n\t\t\t\t<div class=\"elementor-column elementor-col-50 elementor-top-column elementor-element elementor-element-5692af5 elementor-hidden-tablet elementor-hidden-mobile\" data-id=\"5692af5\" data-element_type=\"column\">\n\t\t\t<div class=\"elementor-widget-wrap\">\n\t\t\t\t\t\t\t<\/div>\n\t\t<\/div>\n\t\t\t\t\t<\/div>\n\t\t<\/section>\n\t\t\t\t<section class=\"elementor-section elementor-top-section elementor-element elementor-element-4667476 elementor-section-content-space-evenly elementor-section-boxed elementor-section-height-default elementor-section-height-default wpr-particle-no wpr-jarallax-no wpr-parallax-no wpr-sticky-section-no\" data-id=\"4667476\" data-element_type=\"section\">\n\t\t\t\t\t\t<div class=\"elementor-container elementor-column-gap-wide\">\n\t\t\t\t\t<div class=\"elementor-column elementor-col-100 elementor-top-column elementor-element elementor-element-89ccbcb\" data-id=\"89ccbcb\" data-element_type=\"column\">\n\t\t\t<div class=\"elementor-widget-wrap elementor-element-populated\">\n\t\t\t\t\t\t<div class=\"elementor-element elementor-element-97a3016 elementor-widget elementor-widget-image-gallery\" data-id=\"97a3016\" data-element_type=\"widget\" data-widget_type=\"image-gallery.default\">\n\t\t\t\t<div class=\"elementor-widget-container\">\n\t\t\t\t\t\t\t<div class=\"elementor-image-gallery\">\n\t\t\t<div id='gallery-1' class='gallery galleryid-7 gallery-columns-2 gallery-size-medium_large'><figure class='gallery-item'>\n\t\t\t<div class='gallery-icon landscape'>\n\t\t\t\t<a data-elementor-open-lightbox=\"no\" href='https:\/\/comet-aim-cimus.association.usherbrooke.ca\/wp-content\/uploads\/2023\/07\/udes_logo.png'><img fetchpriority=\"high\" decoding=\"async\" width=\"768\" height=\"202\" src=\"https:\/\/comet-aim-cimus.association.usherbrooke.ca\/wp-content\/uploads\/2023\/07\/udes_logo-768x202.png\" class=\"attachment-medium_large size-medium_large\" alt=\"\" srcset=\"https:\/\/comet-aim-cimus.association.usherbrooke.ca\/wp-content\/uploads\/2023\/07\/udes_logo-768x202.png 768w, https:\/\/comet-aim-cimus.association.usherbrooke.ca\/wp-content\/uploads\/2023\/07\/udes_logo-300x79.png 300w, https:\/\/comet-aim-cimus.association.usherbrooke.ca\/wp-content\/uploads\/2023\/07\/udes_logo.png 878w\" sizes=\"(max-width: 768px) 100vw, 768px\" \/><\/a>\n\t\t\t<\/div><\/figure>\n\t\t<\/div>\n\t\t<\/div>\n\t\t\t\t\t\t<\/div>\n\t\t\t\t<\/div>\n\t\t\t\t\t<\/div>\n\t\t<\/div>\n\t\t\t\t\t<\/div>\n\t\t<\/section>\n\t\t\t\t<section class=\"elementor-section elementor-top-section elementor-element elementor-element-5113686 elementor-section-boxed elementor-section-height-default elementor-section-height-default wpr-particle-no wpr-jarallax-no wpr-parallax-no wpr-sticky-section-no\" data-id=\"5113686\" data-element_type=\"section\">\n\t\t\t\t\t\t<div class=\"elementor-container elementor-column-gap-default\">\n\t\t\t\t\t<div class=\"elementor-column elementor-col-100 elementor-top-column elementor-element elementor-element-3a827c5\" data-id=\"3a827c5\" data-element_type=\"column\">\n\t\t\t<div class=\"elementor-widget-wrap elementor-element-populated\">\n\t\t\t\t\t\t<div class=\"elementor-element elementor-element-8d8a36d elementor-widget elementor-widget-heading\" data-id=\"8d8a36d\" data-element_type=\"widget\" data-widget_type=\"heading.default\">\n\t\t\t\t<div class=\"elementor-widget-container\">\n\t\t\t\t\t<h1 class=\"elementor-heading-title elementor-size-default\">NOUVELLES &amp; \u00c9V\u00c9NEMENTS<\/h1>\t\t\t\t<\/div>\n\t\t\t\t<\/div>\n\t\t\t\t<div class=\"elementor-element elementor-element-6e36729 wpr-grid-columns-3 wpr-grid-columns--tablet1 wpr-grid-columns--mobile1 wpr-grid-pagination-center wpr-item-styles-inner elementor-widget elementor-widget-wpr-grid\" data-id=\"6e36729\" data-element_type=\"widget\" data-widget_type=\"wpr-grid.default\">\n\t\t\t\t<div class=\"elementor-widget-container\">\n\t\t\t\t\t<ul class=\"wpr-grid-filters elementor-clearfix wpr-grid-filters-sep-right\"><li class=\" wpr-pointer-none wpr-pointer-line-fx wpr-pointer-fx-none\"><span  data-filter=\"*\" class=\"wpr-grid-filters-item wpr-active-filter \">All Post<\/span><em class=\"wpr-grid-filters-sep\"><\/em><\/li><li class=\" wpr-pointer-none wpr-pointer-line-fx wpr-pointer-fx-none\"><span   data-ajax-filter=[\"category\",\"creative\"]  data-filter=\".category-creative\">Creative<\/span><em class=\"wpr-grid-filters-sep\"><\/em><\/li><li class=\" wpr-pointer-none wpr-pointer-line-fx wpr-pointer-fx-none\"><span   data-ajax-filter=[\"category\",\"digital\"]  data-filter=\".category-digital\">Digital<\/span><em class=\"wpr-grid-filters-sep\"><\/em><\/li><li class=\" wpr-pointer-none wpr-pointer-line-fx wpr-pointer-fx-none\"><span   data-ajax-filter=[\"category\",\"event\"]  data-filter=\".category-event\">\u00c9v\u00e9nement<\/span><em class=\"wpr-grid-filters-sep\"><\/em><\/li><li class=\" wpr-pointer-none wpr-pointer-line-fx wpr-pointer-fx-none\"><span   data-ajax-filter=[\"category\",\"marketing\"]  data-filter=\".category-marketing\">Marketing<\/span><em class=\"wpr-grid-filters-sep\"><\/em><\/li><li class=\" wpr-pointer-none wpr-pointer-line-fx wpr-pointer-fx-none\"><span   data-ajax-filter=[\"category\",\"non-classe\"]  data-filter=\".category-non-classe\">Non class\u00e9<\/span><em class=\"wpr-grid-filters-sep\"><\/em><\/li><\/ul><section class=\"wpr-grid elementor-clearfix\" data-settings=\"{&quot;layout&quot;:&quot;fitRows&quot;,&quot;stick_last_element_to_bottom&quot;:&quot;&quot;,&quot;columns_desktop&quot;:&quot;3&quot;,&quot;gutter_hr&quot;:30,&quot;gutter_hr_mobile&quot;:30,&quot;gutter_hr_mobile_extra&quot;:30,&quot;gutter_hr_tablet&quot;:30,&quot;gutter_hr_tablet_extra&quot;:30,&quot;gutter_hr_laptop&quot;:30,&quot;gutter_hr_widescreen&quot;:30,&quot;gutter_vr&quot;:30,&quot;gutter_vr_mobile&quot;:30,&quot;gutter_vr_mobile_extra&quot;:30,&quot;gutter_vr_tablet&quot;:30,&quot;gutter_vr_tablet_extra&quot;:30,&quot;gutter_vr_laptop&quot;:30,&quot;gutter_vr_widescreen&quot;:30,&quot;animation&quot;:&quot;default&quot;,&quot;animation_duration&quot;:0.299999999999999988897769753748434595763683319091796875,&quot;animation_delay&quot;:0.1000000000000000055511151231257827021181583404541015625,&quot;deeplinking&quot;:&quot;&quot;,&quot;filters_linkable&quot;:&quot;no&quot;,&quot;filters_default_filter&quot;:&quot;&quot;,&quot;filters_count&quot;:&quot;&quot;,&quot;filters_hide_empty&quot;:&quot;no&quot;,&quot;filters_animation&quot;:&quot;default&quot;,&quot;filters_animation_duration&quot;:0.299999999999999988897769753748434595763683319091796875,&quot;filters_animation_delay&quot;:0.1000000000000000055511151231257827021181583404541015625,&quot;pagination_type&quot;:&quot;load-more&quot;,&quot;pagination_max_pages&quot;:1,&quot;lightbox&quot;:{&quot;selector&quot;:&quot;.wpr-grid-image-wrap&quot;,&quot;iframeMaxWidth&quot;:&quot;60%&quot;,&quot;hash&quot;:false,&quot;autoplay&quot;:&quot;true&quot;,&quot;pause&quot;:5000,&quot;progressBar&quot;:&quot;true&quot;,&quot;counter&quot;:&quot;true&quot;,&quot;controls&quot;:&quot;true&quot;,&quot;getCaptionFromTitleOrAlt&quot;:&quot;true&quot;,&quot;thumbnail&quot;:&quot;&quot;,&quot;showThumbByDefault&quot;:&quot;&quot;,&quot;share&quot;:&quot;&quot;,&quot;zoom&quot;:&quot;true&quot;,&quot;fullScreen&quot;:&quot;true&quot;,&quot;download&quot;:&quot;true&quot;}}\"><article class=\"wpr-grid-item elementor-clearfix post-1502 post type-post status-publish format-standard hentry category-event\"><div class=\"wpr-grid-item-inner\"><div class=\"wpr-grid-item-below-content elementor-clearfix\"><h2 class=\"wpr-grid-item-title elementor-repeater-item-b063cb6 wpr-grid-item-display-block wpr-grid-item-align-left wpr-pointer-none wpr-pointer-line-fx wpr-pointer-fx-fade\"><div class=\"inner-block\"><a target=\"_self\"  href=\"https:\/\/comet-aim-cimus.association.usherbrooke.ca\/?p=1502\">Imagine la connexion !<\/a><\/div><\/h2><div class=\"wpr-grid-item-date elementor-repeater-item-cbe27e2 wpr-grid-item-display-inline wpr-grid-item-align-left\"><div class=\"inner-block\"><span>10 f\u00e9vrier 2025<span class=\"wpr-grid-extra-text-right\">\/<\/span><\/span><\/div><\/div><div class=\"wpr-grid-item-comments elementor-repeater-item-de42834 wpr-grid-item-display-inline wpr-grid-item-align-left\"><div class=\"inner-block\"><a href=\"https:\/\/comet-aim-cimus.association.usherbrooke.ca\/?p=1502#respond\"><span>No Comments<\/span><\/a><\/div><\/div><div class=\"wpr-grid-item-excerpt elementor-repeater-item-9240e50 wpr-grid-item-display-block wpr-grid-item-align-left\"><div class=\"inner-block\"><p>Imagine la connexion ! Imagine la connexion ! 18 mars 2025 de 18h \u00e0 22h Emplacement Montagu, Pub Ludique, 206 rue Wellington N, Sherbrooke, J1H...<\/p><\/div><\/div><div class=\"wpr-grid-item-read-more elementor-repeater-item-a9131dc wpr-grid-item-display-block wpr-grid-item-align-left\"><div class=\"inner-block\"><a target=\"_self\" href=\"https:\/\/comet-aim-cimus.association.usherbrooke.ca\/?p=1502\" class=\"wpr-button-effect wpr-button-none\"><span>Read More<\/span><\/a><\/div><\/div><\/div><\/div><\/article><article class=\"wpr-grid-item elementor-clearfix post-1376 post type-post status-publish format-standard hentry category-event\"><div class=\"wpr-grid-item-inner\"><div class=\"wpr-grid-item-below-content elementor-clearfix\"><h2 class=\"wpr-grid-item-title elementor-repeater-item-b063cb6 wpr-grid-item-display-block wpr-grid-item-align-left wpr-pointer-none wpr-pointer-line-fx wpr-pointer-fx-fade\"><div class=\"inner-block\"><a target=\"_self\"  href=\"https:\/\/comet-aim-cimus.association.usherbrooke.ca\/?p=1376\">Imagine la connexion !<\/a><\/div><\/h2><div class=\"wpr-grid-item-date elementor-repeater-item-cbe27e2 wpr-grid-item-display-inline wpr-grid-item-align-left\"><div class=\"inner-block\"><span>13 f\u00e9vrier 2024<span class=\"wpr-grid-extra-text-right\">\/<\/span><\/span><\/div><\/div><div class=\"wpr-grid-item-comments elementor-repeater-item-de42834 wpr-grid-item-display-inline wpr-grid-item-align-left\"><div class=\"inner-block\"><a href=\"https:\/\/comet-aim-cimus.association.usherbrooke.ca\/?p=1376#respond\"><span>No Comments<\/span><\/a><\/div><\/div><div class=\"wpr-grid-item-excerpt elementor-repeater-item-9240e50 wpr-grid-item-display-block wpr-grid-item-align-left\"><div class=\"inner-block\"><p>Imagine la connexion ! 29 f\u00e9vrier 2024 &#8211; 19h \u00e0 22h Emplacement Montagu, Pub Ludique, 206 rue Wellington N, Sherbrooke, J1H 5C6 Stationnement Au stationnement...<\/p><\/div><\/div><div class=\"wpr-grid-item-read-more elementor-repeater-item-a9131dc wpr-grid-item-display-block wpr-grid-item-align-left\"><div class=\"inner-block\"><a target=\"_self\" href=\"https:\/\/comet-aim-cimus.association.usherbrooke.ca\/?p=1376\" class=\"wpr-button-effect wpr-button-none\"><span>Read More<\/span><\/a><\/div><\/div><\/div><\/div><\/article><article class=\"wpr-grid-item elementor-clearfix post-1171 post type-post status-publish format-standard hentry category-event\"><div class=\"wpr-grid-item-inner\"><div class=\"wpr-grid-item-below-content elementor-clearfix\"><h2 class=\"wpr-grid-item-title elementor-repeater-item-b063cb6 wpr-grid-item-display-block wpr-grid-item-align-left wpr-pointer-none wpr-pointer-line-fx wpr-pointer-fx-fade\"><div class=\"inner-block\"><a target=\"_self\"  href=\"https:\/\/comet-aim-cimus.association.usherbrooke.ca\/?p=1171\">Zoom de Sciences<\/a><\/div><\/h2><div class=\"wpr-grid-item-date elementor-repeater-item-cbe27e2 wpr-grid-item-display-inline wpr-grid-item-align-left\"><div class=\"inner-block\"><span>1 novembre 2023<span class=\"wpr-grid-extra-text-right\">\/<\/span><\/span><\/div><\/div><div class=\"wpr-grid-item-excerpt elementor-repeater-item-9240e50 wpr-grid-item-display-block wpr-grid-item-align-left\"><div class=\"inner-block\"><p>Le formulaire de soumission est disponible en bas de page Zoom de Sciences 5 mai 2024 &#8211; 12h \u00e0 16h Emplacement Mus\u00e9e de la Nature...<\/p><\/div><\/div><div class=\"wpr-grid-item-read-more elementor-repeater-item-a9131dc wpr-grid-item-display-block wpr-grid-item-align-left\"><div class=\"inner-block\"><a target=\"_self\" href=\"https:\/\/comet-aim-cimus.association.usherbrooke.ca\/?p=1171\" class=\"wpr-button-effect wpr-button-none\"><span>Read More<\/span><\/a><\/div><\/div><\/div><\/div><\/article><\/section>\t\t\t\t<\/div>\n\t\t\t\t<\/div>\n\t\t\t\t\t<\/div>\n\t\t<\/div>\n\t\t\t\t\t<\/div>\n\t\t<\/section>\n\t\t\t\t<\/div>\n\t\t","protected":false},"excerpt":{"rendered":"<p>Comit\u00e9 \u00e9tudiant AIM-CIMUS | Comit\u00e9 de repr\u00e9sentation, de support et de promotion de la recherche des \u00e9tudiant.e.s de l&rsquo;Axe d&rsquo;Imagerie M\u00e9dicale et du Centre d&rsquo;Imagerie M\u00e9dicale de l&rsquo;Universit\u00e9 de Sherbrooke NOUVELLES &amp; \u00c9V\u00c9NEMENTS Vous nous retrouverez ici d\u00e8s que nous aurons du nouveau !<\/p>\n","protected":false},"author":1,"featured_media":0,"parent":0,"menu_order":0,"comment_status":"closed","ping_status":"closed","template":"elementor_canvas","meta":{"footnotes":""},"class_list":["post-7","page","type-page","status-publish","hentry"],"yoast_head":"<!-- This site is optimized with the Yoast SEO plugin v24.9 - https:\/\/yoast.com\/wordpress\/plugins\/seo\/ -->\n<title>Home - Comit\u00e9 \u00c9tudiant AIM-CIMUS<\/title>\n<meta name=\"robots\" content=\"index, follow, max-snippet:-1, max-image-preview:large, max-video-preview:-1\" \/>\n<link rel=\"canonical\" href=\"https:\/\/comet-aim-cimus.association.usherbrooke.ca\/\" \/>\n<meta property=\"og:locale\" content=\"fr_CA\" \/>\n<meta property=\"og:type\" content=\"article\" \/>\n<meta property=\"og:title\" content=\"Home - Comit\u00e9 \u00c9tudiant AIM-CIMUS\" \/>\n<meta property=\"og:description\" content=\"Comit\u00e9 \u00e9tudiant AIM-CIMUS | Comit\u00e9 de repr\u00e9sentation, de support et de promotion de la recherche des \u00e9tudiant.e.s de l&rsquo;Axe d&rsquo;Imagerie M\u00e9dicale et du Centre d&rsquo;Imagerie M\u00e9dicale de l&rsquo;Universit\u00e9 de Sherbrooke NOUVELLES &amp; \u00c9V\u00c9NEMENTS Vous nous retrouverez ici d\u00e8s que nous aurons du nouveau !\" \/>\n<meta property=\"og:url\" content=\"https:\/\/comet-aim-cimus.association.usherbrooke.ca\/\" \/>\n<meta property=\"og:site_name\" content=\"Comit\u00e9 \u00c9tudiant AIM-CIMUS\" \/>\n<meta property=\"article:publisher\" content=\"https:\/\/www.facebook.com\/ComiteEtudiantAIM.CIMUS\/\" \/>\n<meta property=\"article:modified_time\" content=\"2024-01-25T20:18:46+00:00\" \/>\n<meta property=\"og:image\" content=\"https:\/\/comet-aim-cimus.association.usherbrooke.ca\/wp-content\/uploads\/2023\/07\/udes_logo-768x202.png\" \/>\n<meta name=\"twitter:card\" content=\"summary_large_image\" \/>\n<script type=\"application\/ld+json\" class=\"yoast-schema-graph\">{\"@context\":\"https:\/\/schema.org\",\"@graph\":[{\"@type\":\"WebPage\",\"@id\":\"https:\/\/comet-aim-cimus.association.usherbrooke.ca\/\",\"url\":\"https:\/\/comet-aim-cimus.association.usherbrooke.ca\/\",\"name\":\"Home - Comit\u00e9 \u00c9tudiant AIM-CIMUS\",\"isPartOf\":{\"@id\":\"https:\/\/comet-aim-cimus.association.usherbrooke.ca\/#website\"},\"primaryImageOfPage\":{\"@id\":\"https:\/\/comet-aim-cimus.association.usherbrooke.ca\/#primaryimage\"},\"image\":{\"@id\":\"https:\/\/comet-aim-cimus.association.usherbrooke.ca\/#primaryimage\"},\"thumbnailUrl\":\"https:\/\/comet-aim-cimus.association.usherbrooke.ca\/wp-content\/uploads\/2023\/07\/udes_logo-768x202.png\",\"datePublished\":\"2023-04-07T12:46:30+00:00\",\"dateModified\":\"2024-01-25T20:18:46+00:00\",\"breadcrumb\":{\"@id\":\"https:\/\/comet-aim-cimus.association.usherbrooke.ca\/#breadcrumb\"},\"inLanguage\":\"fr-CA\",\"potentialAction\":[{\"@type\":\"ReadAction\",\"target\":[\"https:\/\/comet-aim-cimus.association.usherbrooke.ca\/\"]}]},{\"@type\":\"ImageObject\",\"inLanguage\":\"fr-CA\",\"@id\":\"https:\/\/comet-aim-cimus.association.usherbrooke.ca\/#primaryimage\",\"url\":\"https:\/\/comet-aim-cimus.association.usherbrooke.ca\/wp-content\/uploads\/2023\/07\/udes_logo.png\",\"contentUrl\":\"https:\/\/comet-aim-cimus.association.usherbrooke.ca\/wp-content\/uploads\/2023\/07\/udes_logo.png\",\"width\":878,\"height\":231},{\"@type\":\"BreadcrumbList\",\"@id\":\"https:\/\/comet-aim-cimus.association.usherbrooke.ca\/#breadcrumb\",\"itemListElement\":[{\"@type\":\"ListItem\",\"position\":1,\"name\":\"Accueil\",\"item\":\"https:\/\/comet-aim-cimus.association.usherbrooke.ca\/\"},{\"@type\":\"ListItem\",\"position\":2,\"name\":\"Home\"}]},{\"@type\":\"WebSite\",\"@id\":\"https:\/\/comet-aim-cimus.association.usherbrooke.ca\/#website\",\"url\":\"https:\/\/comet-aim-cimus.association.usherbrooke.ca\/\",\"name\":\"Comit\u00e9 \u00c9tudiant AIM-CIMUS\",\"description\":\"\",\"publisher\":{\"@id\":\"https:\/\/comet-aim-cimus.association.usherbrooke.ca\/#organization\"},\"potentialAction\":[{\"@type\":\"SearchAction\",\"target\":{\"@type\":\"EntryPoint\",\"urlTemplate\":\"https:\/\/comet-aim-cimus.association.usherbrooke.ca\/?s={search_term_string}\"},\"query-input\":{\"@type\":\"PropertyValueSpecification\",\"valueRequired\":true,\"valueName\":\"search_term_string\"}}],\"inLanguage\":\"fr-CA\"},{\"@type\":\"Organization\",\"@id\":\"https:\/\/comet-aim-cimus.association.usherbrooke.ca\/#organization\",\"name\":\"Comit\u00e9 \u00c9tudiant AIM-CIMUS\",\"url\":\"https:\/\/comet-aim-cimus.association.usherbrooke.ca\/\",\"logo\":{\"@type\":\"ImageObject\",\"inLanguage\":\"fr-CA\",\"@id\":\"https:\/\/comet-aim-cimus.association.usherbrooke.ca\/#\/schema\/logo\/image\/\",\"url\":\"https:\/\/comet-aim-cimus.association.usherbrooke.ca\/wp-content\/uploads\/2023\/04\/aim_cimus_logo.png\",\"contentUrl\":\"https:\/\/comet-aim-cimus.association.usherbrooke.ca\/wp-content\/uploads\/2023\/04\/aim_cimus_logo.png\",\"width\":896,\"height\":313,\"caption\":\"Comit\u00e9 \u00c9tudiant AIM-CIMUS\"},\"image\":{\"@id\":\"https:\/\/comet-aim-cimus.association.usherbrooke.ca\/#\/schema\/logo\/image\/\"},\"sameAs\":[\"https:\/\/www.facebook.com\/ComiteEtudiantAIM.CIMUS\/\"]}]}<\/script>\n<!-- \/ Yoast SEO plugin. -->","yoast_head_json":{"title":"Home - Comit\u00e9 \u00c9tudiant AIM-CIMUS","robots":{"index":"index","follow":"follow","max-snippet":"max-snippet:-1","max-image-preview":"max-image-preview:large","max-video-preview":"max-video-preview:-1"},"canonical":"https:\/\/comet-aim-cimus.association.usherbrooke.ca\/","og_locale":"fr_CA","og_type":"article","og_title":"Home - Comit\u00e9 \u00c9tudiant AIM-CIMUS","og_description":"Comit\u00e9 \u00e9tudiant AIM-CIMUS | Comit\u00e9 de repr\u00e9sentation, de support et de promotion de la recherche des \u00e9tudiant.e.s de l&rsquo;Axe d&rsquo;Imagerie M\u00e9dicale et du Centre d&rsquo;Imagerie M\u00e9dicale de l&rsquo;Universit\u00e9 de Sherbrooke NOUVELLES &amp; \u00c9V\u00c9NEMENTS Vous nous retrouverez ici d\u00e8s que nous aurons du nouveau !","og_url":"https:\/\/comet-aim-cimus.association.usherbrooke.ca\/","og_site_name":"Comit\u00e9 \u00c9tudiant AIM-CIMUS","article_publisher":"https:\/\/www.facebook.com\/ComiteEtudiantAIM.CIMUS\/","article_modified_time":"2024-01-25T20:18:46+00:00","og_image":[{"url":"https:\/\/comet-aim-cimus.association.usherbrooke.ca\/wp-content\/uploads\/2023\/07\/udes_logo-768x202.png","type":"","width":"","height":""}],"twitter_card":"summary_large_image","schema":{"@context":"https:\/\/schema.org","@graph":[{"@type":"WebPage","@id":"https:\/\/comet-aim-cimus.association.usherbrooke.ca\/","url":"https:\/\/comet-aim-cimus.association.usherbrooke.ca\/","name":"Home - Comit\u00e9 \u00c9tudiant AIM-CIMUS","isPartOf":{"@id":"https:\/\/comet-aim-cimus.association.usherbrooke.ca\/#website"},"primaryImageOfPage":{"@id":"https:\/\/comet-aim-cimus.association.usherbrooke.ca\/#primaryimage"},"image":{"@id":"https:\/\/comet-aim-cimus.association.usherbrooke.ca\/#primaryimage"},"thumbnailUrl":"https:\/\/comet-aim-cimus.association.usherbrooke.ca\/wp-content\/uploads\/2023\/07\/udes_logo-768x202.png","datePublished":"2023-04-07T12:46:30+00:00","dateModified":"2024-01-25T20:18:46+00:00","breadcrumb":{"@id":"https:\/\/comet-aim-cimus.association.usherbrooke.ca\/#breadcrumb"},"inLanguage":"fr-CA","potentialAction":[{"@type":"ReadAction","target":["https:\/\/comet-aim-cimus.association.usherbrooke.ca\/"]}]},{"@type":"ImageObject","inLanguage":"fr-CA","@id":"https:\/\/comet-aim-cimus.association.usherbrooke.ca\/#primaryimage","url":"https:\/\/comet-aim-cimus.association.usherbrooke.ca\/wp-content\/uploads\/2023\/07\/udes_logo.png","contentUrl":"https:\/\/comet-aim-cimus.association.usherbrooke.ca\/wp-content\/uploads\/2023\/07\/udes_logo.png","width":878,"height":231},{"@type":"BreadcrumbList","@id":"https:\/\/comet-aim-cimus.association.usherbrooke.ca\/#breadcrumb","itemListElement":[{"@type":"ListItem","position":1,"name":"Accueil","item":"https:\/\/comet-aim-cimus.association.usherbrooke.ca\/"},{"@type":"ListItem","position":2,"name":"Home"}]},{"@type":"WebSite","@id":"https:\/\/comet-aim-cimus.association.usherbrooke.ca\/#website","url":"https:\/\/comet-aim-cimus.association.usherbrooke.ca\/","name":"Comit\u00e9 \u00c9tudiant AIM-CIMUS","description":"","publisher":{"@id":"https:\/\/comet-aim-cimus.association.usherbrooke.ca\/#organization"},"potentialAction":[{"@type":"SearchAction","target":{"@type":"EntryPoint","urlTemplate":"https:\/\/comet-aim-cimus.association.usherbrooke.ca\/?s={search_term_string}"},"query-input":{"@type":"PropertyValueSpecification","valueRequired":true,"valueName":"search_term_string"}}],"inLanguage":"fr-CA"},{"@type":"Organization","@id":"https:\/\/comet-aim-cimus.association.usherbrooke.ca\/#organization","name":"Comit\u00e9 \u00c9tudiant AIM-CIMUS","url":"https:\/\/comet-aim-cimus.association.usherbrooke.ca\/","logo":{"@type":"ImageObject","inLanguage":"fr-CA","@id":"https:\/\/comet-aim-cimus.association.usherbrooke.ca\/#\/schema\/logo\/image\/","url":"https:\/\/comet-aim-cimus.association.usherbrooke.ca\/wp-content\/uploads\/2023\/04\/aim_cimus_logo.png","contentUrl":"https:\/\/comet-aim-cimus.association.usherbrooke.ca\/wp-content\/uploads\/2023\/04\/aim_cimus_logo.png","width":896,"height":313,"caption":"Comit\u00e9 \u00c9tudiant AIM-CIMUS"},"image":{"@id":"https:\/\/comet-aim-cimus.association.usherbrooke.ca\/#\/schema\/logo\/image\/"},"sameAs":["https:\/\/www.facebook.com\/ComiteEtudiantAIM.CIMUS\/"]}]}},"_links":{"self":[{"href":"https:\/\/comet-aim-cimus.association.usherbrooke.ca\/index.php?rest_route=\/wp\/v2\/pages\/7","targetHints":{"allow":["GET"]}}],"collection":[{"href":"https:\/\/comet-aim-cimus.association.usherbrooke.ca\/index.php?rest_route=\/wp\/v2\/pages"}],"about":[{"href":"https:\/\/comet-aim-cimus.association.usherbrooke.ca\/index.php?rest_route=\/wp\/v2\/types\/page"}],"author":[{"embeddable":true,"href":"https:\/\/comet-aim-cimus.association.usherbrooke.ca\/index.php?rest_route=\/wp\/v2\/users\/1"}],"replies":[{"embeddable":true,"href":"https:\/\/comet-aim-cimus.association.usherbrooke.ca\/index.php?rest_route=%2Fwp%2Fv2%2Fcomments&post=7"}],"version-history":[{"count":33,"href":"https:\/\/comet-aim-cimus.association.usherbrooke.ca\/index.php?rest_route=\/wp\/v2\/pages\/7\/revisions"}],"predecessor-version":[{"id":1267,"href":"https:\/\/comet-aim-cimus.association.usherbrooke.ca\/index.php?rest_route=\/wp\/v2\/pages\/7\/revisions\/1267"}],"wp:attachment":[{"href":"https:\/\/comet-aim-cimus.association.usherbrooke.ca\/index.php?rest_route=%2Fwp%2Fv2%2Fmedia&parent=7"}],"curies":[{"name":"wp","href":"https:\/\/api.w.org\/{rel}","templated":true}]}}